{"id":12178,"date":"2026-01-08T14:32:01","date_gmt":"2026-01-08T13:32:01","guid":{"rendered":"https:\/\/www.heartleadershipuniversity.org\/biology-of-intuition\/"},"modified":"2026-04-09T14:34:24","modified_gmt":"2026-04-09T12:34:24","slug":"biology-of-intuition","status":"publish","type":"page","link":"https:\/\/www.heartleadershipuniversity.org\/en\/biology-of-intuition\/","title":{"rendered":"Biology of intuition"},"content":{"rendered":"\t\t<div data-elementor-type=\"wp-page\" data-elementor-id=\"12178\" class=\"elementor elementor-12178 elementor-11778\" data-elementor-post-type=\"page\">\n\t\t\t\t\t\t<section class=\"elementor-section elementor-top-section elementor-element elementor-element-51f1d1d elementor-section-full_width elementor-section-stretched elementor-section-height-default elementor-section-height-default\" data-id=\"51f1d1d\" data-element_type=\"section\" data-e-type=\"section\" data-settings=\"{&quot;stretch_section&quot;:&quot;section-stretched&quot;,&quot;background_background&quot;:&quot;classic&quot;}\">\n\t\t\t\t\t\t<div class=\"elementor-container elementor-column-gap-default\">\n\t\t\t\t\t<div class=\"elementor-column elementor-col-100 elementor-top-column elementor-element elementor-element-f0ec556\" data-id=\"f0ec556\" data-element_type=\"column\" data-e-type=\"column\">\n\t\t\t<div class=\"elementor-widget-wrap elementor-element-populated\">\n\t\t\t\t\t\t<div class=\"elementor-element elementor-element-262d9b7 elementor-widget elementor-widget-image\" data-id=\"262d9b7\" data-element_type=\"widget\" data-e-type=\"widget\" data-widget_type=\"image.default\">\n\t\t\t\t<div class=\"elementor-widget-container\">\n\t\t\t\t\t\t\t\t\t\t\t\t\t\t\t<img decoding=\"async\" width=\"7\" height=\"41\" src=\"https:\/\/www.heartleadershipuniversity.org\/wp-content\/uploads\/2022\/05\/b-jaune.png\" class=\"attachment-large size-large wp-image-4859\" alt=\"\" \/>\t\t\t\t\t\t\t\t\t\t\t\t\t\t\t<\/div>\n\t\t\t\t<\/div>\n\t\t\t\t<div class=\"elementor-element elementor-element-cd07d7f elementor-widget elementor-widget-heading\" data-id=\"cd07d7f\" data-element_type=\"widget\" data-e-type=\"widget\" data-widget_type=\"heading.default\">\n\t\t\t\t<div class=\"elementor-widget-container\">\n\t\t\t\t\t<h2 class=\"elementor-heading-title elementor-size-default\">Biology of intuition<\/h2>\t\t\t\t<\/div>\n\t\t\t\t<\/div>\n\t\t\t\t<div class=\"elementor-element elementor-element-4e3e977 elementor-widget elementor-widget-image\" data-id=\"4e3e977\" data-element_type=\"widget\" data-e-type=\"widget\" data-widget_type=\"image.default\">\n\t\t\t\t<div class=\"elementor-widget-container\">\n\t\t\t\t\t\t\t\t\t\t\t\t\t\t\t<img decoding=\"async\" width=\"7\" height=\"41\" src=\"https:\/\/www.heartleadershipuniversity.org\/wp-content\/uploads\/2022\/03\/b-vert.png\" class=\"attachment-large size-large wp-image-4762\" alt=\"\" \/>\t\t\t\t\t\t\t\t\t\t\t\t\t\t\t<\/div>\n\t\t\t\t<\/div>\n\t\t\t\t\t<\/div>\n\t\t<\/div>\n\t\t\t\t\t<\/div>\n\t\t<\/section>\n\t\t\t\t<section class=\"elementor-section elementor-top-section elementor-element elementor-element-4bc38ab elementor-section-boxed elementor-section-height-default elementor-section-height-default\" data-id=\"4bc38ab\" data-element_type=\"section\" data-e-type=\"section\">\n\t\t\t\t\t\t<div class=\"elementor-container elementor-column-gap-default\">\n\t\t\t\t\t<div class=\"elementor-column elementor-col-100 elementor-top-column elementor-element elementor-element-2f16257\" data-id=\"2f16257\" data-element_type=\"column\" data-e-type=\"column\">\n\t\t\t<div class=\"elementor-widget-wrap elementor-element-populated\">\n\t\t\t\t\t\t<div class=\"elementor-element elementor-element-cb582c2 elementor-widget elementor-widget-heading\" data-id=\"cb582c2\" data-element_type=\"widget\" data-e-type=\"widget\" data-widget_type=\"heading.default\">\n\t\t\t\t<div class=\"elementor-widget-container\">\n\t\t\t\t\t<h2 class=\"elementor-heading-title elementor-size-default\">The objectives of the research<\/h2>\t\t\t\t<\/div>\n\t\t\t\t<\/div>\n\t\t\t\t<div class=\"elementor-element elementor-element-8d6651f elementor-widget elementor-widget-text-editor\" data-id=\"8d6651f\" data-element_type=\"widget\" data-e-type=\"widget\" data-widget_type=\"text-editor.default\">\n\t\t\t\t<div class=\"elementor-widget-container\">\n\t\t\t\t\t\t\t\t\t<p style=\"font-weight: 400;\">Intuition has been the subject of several historical waves of scientific exploration, conducted by different disciplines, following very different methodologies, with very few disciplinary bridges. Also, the scientific landscape is not very unified and the result, although exciting, suggests that vast progress still needs to be made. Parmi les points que nous avons identifi\u00e9s, celui qui parait le plus important, c\u2019est que bien que le r\u00f4le du corps dans l\u2019intuition ait \u00e9t\u00e9 ind\u00e9niablement d\u00e9montr\u00e9, il n\u2019y a finalement eu que tr\u00e8s peu d\u2019\u00e9tudes convaincantes sur sa nature, et moins encore sur ses m\u00e9canismes et son fonctionnement incarn\u00e9.  <\/p><p style=\"font-weight: 400;\">The experimental approach we propose aims to address intuition in its entirety, that is, to simultaneously consider low-level phenomena (sensory perception) and high-level phenomena (cognition) as they manifest in intuitively driven decision-making. It is equally important to address both the subjective and objective dimensions of intuition.<br>To cover all these issues, we propose to explore them by testing a hypothesis that demonstrates all facets of intuition.  The hypothesis is: <strong>can intuition be trained?<\/strong><\/p><p>To try to answer this question, researchers associated with HLU will conduct multidisciplinary research, studying intuition both by means of objective measurements and collection of subjective feelings, and this under conditions allowing to demonstrate the quality and benefits of decision-making resulting from intuitive processes.<\/p><p style=\"font-weight: 400;\"> <\/p>\t\t\t\t\t\t\t\t<\/div>\n\t\t\t\t<\/div>\n\t\t\t\t\t<\/div>\n\t\t<\/div>\n\t\t\t\t\t<\/div>\n\t\t<\/section>\n\t\t\t\t<\/div>\n\t\t","protected":false},"excerpt":{"rendered":"<p>Biology of intuition The objectives of the research Intuition has been the subject of several historical waves of scientific exploration, conducted by different disciplines, following very different methodologies, with very few disciplinary bridges. Also, the scientific landscape is not very unified and the result, although exciting, suggests that vast progress still needs to be made. [&hellip;]<\/p>\n","protected":false},"author":9,"featured_media":0,"parent":0,"menu_order":0,"comment_status":"closed","ping_status":"closed","template":"","meta":{"ocean_post_layout":"","ocean_both_sidebars_style":"","ocean_both_sidebars_content_width":0,"ocean_both_sidebars_sidebars_width":0,"ocean_sidebar":"0","ocean_second_sidebar":"0","ocean_disable_margins":"enable","ocean_add_body_class":"","ocean_shortcode_before_top_bar":"","ocean_shortcode_after_top_bar":"","ocean_shortcode_before_header":"","ocean_shortcode_after_header":"","ocean_has_shortcode":"","ocean_shortcode_after_title":"","ocean_shortcode_before_footer_widgets":"","ocean_shortcode_after_footer_widgets":"","ocean_shortcode_before_footer_bottom":"","ocean_shortcode_after_footer_bottom":"","ocean_display_top_bar":"default","ocean_display_header":"default","ocean_header_style":"","ocean_center_header_left_menu":"0","ocean_custom_header_template":"0","ocean_custom_logo":0,"ocean_custom_retina_logo":0,"ocean_custom_logo_max_width":0,"ocean_custom_logo_tablet_max_width":0,"ocean_custom_logo_mobile_max_width":0,"ocean_custom_logo_max_height":0,"ocean_custom_logo_tablet_max_height":0,"ocean_custom_logo_mobile_max_height":0,"ocean_header_custom_menu":"0","ocean_menu_typo_font_family":"0","ocean_menu_typo_font_subset":"","ocean_menu_typo_font_size":0,"ocean_menu_typo_font_size_tablet":0,"ocean_menu_typo_font_size_mobile":0,"ocean_menu_typo_font_size_unit":"px","ocean_menu_typo_font_weight":"","ocean_menu_typo_font_weight_tablet":"","ocean_menu_typo_font_weight_mobile":"","ocean_menu_typo_transform":"","ocean_menu_typo_transform_tablet":"","ocean_menu_typo_transform_mobile":"","ocean_menu_typo_line_height":0,"ocean_menu_typo_line_height_tablet":0,"ocean_menu_typo_line_height_mobile":0,"ocean_menu_typo_line_height_unit":"","ocean_menu_typo_spacing":0,"ocean_menu_typo_spacing_tablet":0,"ocean_menu_typo_spacing_mobile":0,"ocean_menu_typo_spacing_unit":"","ocean_menu_link_color":"","ocean_menu_link_color_hover":"","ocean_menu_link_color_active":"","ocean_menu_link_background":"","ocean_menu_link_hover_background":"","ocean_menu_link_active_background":"","ocean_menu_social_links_bg":"","ocean_menu_social_hover_links_bg":"","ocean_menu_social_links_color":"","ocean_menu_social_hover_links_color":"","ocean_disable_title":"default","ocean_disable_heading":"default","ocean_post_title":"","ocean_post_subheading":"","ocean_post_title_style":"","ocean_post_title_background_color":"","ocean_post_title_background":0,"ocean_post_title_bg_image_position":"","ocean_post_title_bg_image_attachment":"","ocean_post_title_bg_image_repeat":"","ocean_post_title_bg_image_size":"","ocean_post_title_height":0,"ocean_post_title_bg_overlay":0.5,"ocean_post_title_bg_overlay_color":"","ocean_disable_breadcrumbs":"default","ocean_breadcrumbs_color":"","ocean_breadcrumbs_separator_color":"","ocean_breadcrumbs_links_color":"","ocean_breadcrumbs_links_hover_color":"","ocean_display_footer_widgets":"default","ocean_display_footer_bottom":"default","ocean_custom_footer_template":"0","footnotes":""},"class_list":["post-12178","page","type-page","status-publish","hentry","entry"],"_links":{"self":[{"href":"https:\/\/www.heartleadershipuniversity.org\/en\/wp-json\/wp\/v2\/pages\/12178","targetHints":{"allow":["GET"]}}],"collection":[{"href":"https:\/\/www.heartleadershipuniversity.org\/en\/wp-json\/wp\/v2\/pages"}],"about":[{"href":"https:\/\/www.heartleadershipuniversity.org\/en\/wp-json\/wp\/v2\/types\/page"}],"author":[{"embeddable":true,"href":"https:\/\/www.heartleadershipuniversity.org\/en\/wp-json\/wp\/v2\/users\/9"}],"replies":[{"embeddable":true,"href":"https:\/\/www.heartleadershipuniversity.org\/en\/wp-json\/wp\/v2\/comments?post=12178"}],"version-history":[{"count":2,"href":"https:\/\/www.heartleadershipuniversity.org\/en\/wp-json\/wp\/v2\/pages\/12178\/revisions"}],"predecessor-version":[{"id":12180,"href":"https:\/\/www.heartleadershipuniversity.org\/en\/wp-json\/wp\/v2\/pages\/12178\/revisions\/12180"}],"wp:attachment":[{"href":"https:\/\/www.heartleadershipuniversity.org\/en\/wp-json\/wp\/v2\/media?parent=12178"}],"curies":[{"name":"wp","href":"https:\/\/api.w.org\/{rel}","templated":true}]}}