{"id":12184,"date":"2024-04-23T15:20:15","date_gmt":"2024-04-23T13:20:15","guid":{"rendered":"https:\/\/www.heartleadershipuniversity.org\/privacy-policy\/"},"modified":"2026-04-09T14:48:41","modified_gmt":"2026-04-09T12:48:41","slug":"privacy-policy","status":"publish","type":"page","link":"https:\/\/www.heartleadershipuniversity.org\/en\/privacy-policy\/","title":{"rendered":"Privacy Policy"},"content":{"rendered":"\t\t<div data-elementor-type=\"wp-page\" data-elementor-id=\"12184\" class=\"elementor elementor-12184 elementor-7782\" data-elementor-post-type=\"page\">\n\t\t\t\t\t\t<section class=\"elementor-section elementor-top-section elementor-element elementor-element-8a43b77 elementor-section-boxed elementor-section-height-default elementor-section-height-default\" data-id=\"8a43b77\" data-element_type=\"section\" data-e-type=\"section\">\n\t\t\t\t\t\t<div class=\"elementor-container elementor-column-gap-default\">\n\t\t\t\t\t<div class=\"elementor-column elementor-col-100 elementor-top-column elementor-element elementor-element-82acbad\" data-id=\"82acbad\" data-element_type=\"column\" data-e-type=\"column\">\n\t\t\t<div class=\"elementor-widget-wrap elementor-element-populated\">\n\t\t\t\t\t\t<div class=\"elementor-element elementor-element-7d678c9 elementor-widget elementor-widget-heading\" data-id=\"7d678c9\" data-element_type=\"widget\" data-e-type=\"widget\" data-widget_type=\"heading.default\">\n\t\t\t\t<div class=\"elementor-widget-container\">\n\t\t\t\t\t<h2 class=\"elementor-heading-title elementor-size-default\">Privacy Policy<\/h2>\t\t\t\t<\/div>\n\t\t\t\t<\/div>\n\t\t\t\t\t<\/div>\n\t\t<\/div>\n\t\t\t\t\t<\/div>\n\t\t<\/section>\n\t\t\t\t<section class=\"elementor-section elementor-top-section elementor-element elementor-element-4613135 elementor-section-boxed elementor-section-height-default elementor-section-height-default\" data-id=\"4613135\" data-element_type=\"section\" data-e-type=\"section\">\n\t\t\t\t\t\t<div class=\"elementor-container elementor-column-gap-default\">\n\t\t\t\t\t<div class=\"elementor-column elementor-col-100 elementor-top-column elementor-element elementor-element-a4effa6\" data-id=\"a4effa6\" data-element_type=\"column\" data-e-type=\"column\">\n\t\t\t<div class=\"elementor-widget-wrap elementor-element-populated\">\n\t\t\t\t\t\t<div class=\"elementor-element elementor-element-ab48f89 elementor-widget elementor-widget-text-editor\" data-id=\"ab48f89\" data-element_type=\"widget\" data-e-type=\"widget\" data-widget_type=\"text-editor.default\">\n\t\t\t\t<div class=\"elementor-widget-container\">\n\t\t\t\t\t\t\t\t\t<p><strong>Who are we ? <\/strong><\/p><p>HEART LEADERSHIP UNIVERSITY, a registered association whose headquarters are located at Chemin De Vach\u00e8res Lieu-dit Bel Air, 04110 Reillanne (hereinafter \u201cHLU\u201d) is the data controller for the purposes described below.<\/p><p><strong>Purposes and legal basis:<\/strong><\/p><p>The table below summarizes the purposes for which HLU processes your personal data: <\/p><p> <\/p><table style=\"height: 1257px;\" width=\"594\"><tbody><tr><td><p><strong>Purposes of the processing<\/strong><\/p><\/td><td width=\"403\"><p><strong>Legal basis<\/strong><\/p><\/td><\/tr><tr><td><p>Managing contact requests<\/p><\/td><td width=\"403\"><p>Notre int\u00e9r\u00eat l\u00e9gitime (r\u00e9pondre \u00e0 vos demandes et mieux vous conna\u00eetre)<\/p><\/td><\/tr><tr><td><p>External communication regarding HLU activities<\/p><\/td><td width=\"403\"><p>Our legitimate interest (promoting our journey) or your consent when required by law<\/p><\/td><\/tr><tr><td><p>Managing the &#8220;From Heart to Action&#8221; Programm<\/p><\/td><td width=\"403\"><p>The implementation of our relationship or our legitimate interest in data that exceeds what is strictly necessary for the performance of our contractual relationship (offering a suitable path)<\/p><\/td><\/tr><tr><td><p>Registration and participation management<\/p><\/td><td width=\"403\"><p>Our legitimate interest<\/p><\/td><\/tr><tr><td><p>Management of agreements related to the implementation of the &#8220;From the Heart to Action&#8221; pathway, including the management and monitoring of invoices and payments<\/p><\/td><td width=\"403\"><p>The implementation of our relationships<\/p><\/td><\/tr><tr><td><p>Managing relationships with external stakeholders<\/p><\/td><td width=\"403\"><p>The implementation of our relationship or our legitimate interest in data that exceeds what is strictly necessary for the performance of contractual measures<\/p><\/td><\/tr><tr><td><p>Animation of the alumni network<\/p><\/td><td width=\"403\"><p>Our legitimate interest (better understanding participants&#8217; expectations) or your consent if required by law<\/p><\/td><\/tr><tr><td><p>Management of donations received<\/p><\/td><td width=\"403\"><p>The implementation of our relationships<\/p><\/td><\/tr><tr><td><p>Conducting satisfaction surveys and polls<\/p><\/td><td width=\"403\"><p>Our legitimate interest (better understanding participants&#8217; expectations) or your consent if required by law<\/p><\/td><\/tr><tr><td><p>Image rights form management<\/p><\/td><td width=\"403\"><p>The implementation of our relationships<\/p><\/td><\/tr><tr><td><p>Complaints management<\/p><\/td><td width=\"403\"><p>Our legitimate interest (defending our interests)<\/p><\/td><\/tr><tr><td><p>Website traffic measurement<\/p><\/td><td width=\"403\"><p>Our legitimate interest or your consent if required by law<\/p><\/td><\/tr><tr><td><p>Interest tracking via cookies<\/p><\/td><td width=\"403\"><p>Your consent<\/p><p> <\/p><\/td><\/tr><\/tbody><\/table>\t\t\t\t\t\t\t\t<\/div>\n\t\t\t\t<\/div>\n\t\t\t\t<div class=\"elementor-element elementor-element-2d45552 elementor-widget elementor-widget-text-editor\" data-id=\"2d45552\" data-element_type=\"widget\" data-e-type=\"widget\" data-widget_type=\"text-editor.default\">\n\t\t\t\t<div class=\"elementor-widget-container\">\n\t\t\t\t\t\t\t\t\t<p><strong>What data do we process?<\/strong><\/p><p>In general, the data that is processed includes identification data (name, surname, contact details, structure), data entered in the content of your contact request, as well as data relating to your areas of interest, payment of registration fees and outstanding payments, your journey, and your donations.<\/p><p>Information collected by HLU that is essential to fulfill the aforementioned purposes is identified by an asterisk on the collection forms. If you do not complete these required fields, HLU may not be able to provide the service in question.<\/p><p>Your data is collected directly by HLU or may have been transmitted to us by our partners.<\/p><p><strong>Who has access to your data? <\/strong><\/p><p>Within HLU, the personal data processed is primarily accessible to staff responsible for operations, communication, and information systems security.<\/p><p>Outside of HLU, your data may be shared:<\/p><ul><li>To IT service providers (external providers for IT maintenance purposes, for example)<\/li><li>To subcontractors involved in external communication (routing, etc.)<\/li><li>To the members of the Scientific Council<\/li><li>To the financial partners<\/li><li>To HLU&#8217;s institutional partners responsible for research, fundraising, etc.<\/li><li>To the participants in the program<\/li><\/ul><p>Subcontractors acting on HLU&#8217;s instructions will be required to implement appropriate safeguards.<\/p><p>If some of HLU&#8217;s partners are located in countries whose regulations do not necessarily offer the same level of protection as those of the Member States of the European Union, HLU will ensure that these transfers are carried out in accordance with the provisions imposed by French regulations (such as the implementation of contractual clauses adopted by the European Commission). You can contact contact@hluniv.org for more information on these topics and a copy of the relevant documents.<\/p><p><strong>How long do we keep your data? <\/strong><\/p><p>The personal data processed by HLU is stored in accordance with data protection regulations and for the periods stipulated by law. <\/p><p>For example:<\/p><ul><li>Data relating to the management of agreements linked to the implementation of the program are kept for the entire duration of the agreement plus 5 years.<\/li><li>les donn\u00e9es relatives aux personnes int\u00e9ress\u00e9es par le parcours sont conserv\u00e9es pendant 3 ans \u00e0 compter du dernier contact.<\/li><\/ul><p><strong>Your rights:<\/strong><\/p><ul><li>You have the right to request access to your personal data.<\/li><li>You have the right to request the correction of your personal data.<\/li><li>You have the right to request the restriction of the processing of your personal data, (i) if you contest the accuracy of your data during the period enabling us to verify its accuracy, (ii) if you consider that we are processing your data unlawfully and you require a restriction of its use rather than its erasure, (iii) if we no longer need his\/her data for the purposes referred to above, but that data is still necessary for the establishment, exercise or defence of his\/her legal rights, (iv) in the event of exercising its right to object during the verification period concerning whether the legitimate grounds we are pursuing prevail over its own.<\/li><li>You have the right to request the deletion of your personal data.<\/li><li>You have the right to request, at any time, to exercise your right to object to the processing carried out for reasons relating to your particular situation.<\/li><li>You also have the right to object, at any time and without giving a reason, to external communication<\/li><li>You have the right to exercise the right to data portability, which gives you the right to obtain a copy of the personal data concerning you or to transfer it to a third party in a structured, commonly used and machine-readable format.<\/li><li>You also have the right not to be subject to a decision based solely on automated processing which produces legal effects concerning you or significantly affects you.<\/li><li>You have the right to withdraw your consent at any time where the processing of your data is based on consent.<\/li><li>You also have the right to make instructions regarding the retention, erasure and communication of your personal data after your death.<\/li><\/ul><p>These rights can be exercised at any time by sending an email to contact@heartleadershipuniversity.org or a letter to the following address: Heart Leadership University &#8211; Chemin de Vach\u00e8res &#8211; Lieu dit Bel Air 04110 Reillanne &#8211; France<\/p><p>You can also lodge any complaint with the National Commission for Information Technology and Freedoms (CNIL). Further information is available on its website <a href=\"https:\/\/www.cnil.fr\/\">www.cnil.fr<\/a>.<\/p>\t\t\t\t\t\t\t\t<\/div>\n\t\t\t\t<\/div>\n\t\t\t\t\t<\/div>\n\t\t<\/div>\n\t\t\t\t\t<\/div>\n\t\t<\/section>\n\t\t\t\t<\/div>\n\t\t","protected":false},"excerpt":{"rendered":"<p>Privacy Policy Who are we ? HEART LEADERSHIP UNIVERSITY, a registered association whose headquarters are located at Chemin De Vach\u00e8res Lieu-dit Bel Air, 04110 Reillanne (hereinafter \u201cHLU\u201d) is the data controller for the purposes described below. Purposes and legal basis: The table below summarizes the purposes for which HLU processes your personal data: Purposes of [&hellip;]<\/p>\n","protected":false},"author":9,"featured_media":0,"parent":0,"menu_order":0,"comment_status":"closed","ping_status":"closed","template":"","meta":{"ocean_post_layout":"","ocean_both_sidebars_style":"","ocean_both_sidebars_content_width":0,"ocean_both_sidebars_sidebars_width":0,"ocean_sidebar":"0","ocean_second_sidebar":"0","ocean_disable_margins":"enable","ocean_add_body_class":"","ocean_shortcode_before_top_bar":"","ocean_shortcode_after_top_bar":"","ocean_shortcode_before_header":"","ocean_shortcode_after_header":"","ocean_has_shortcode":"","ocean_shortcode_after_title":"","ocean_shortcode_before_footer_widgets":"","ocean_shortcode_after_footer_widgets":"","ocean_shortcode_before_footer_bottom":"","ocean_shortcode_after_footer_bottom":"","ocean_display_top_bar":"default","ocean_display_header":"default","ocean_header_style":"","ocean_center_header_left_menu":"0","ocean_custom_header_template":"0","ocean_custom_logo":0,"ocean_custom_retina_logo":0,"ocean_custom_logo_max_width":0,"ocean_custom_logo_tablet_max_width":0,"ocean_custom_logo_mobile_max_width":0,"ocean_custom_logo_max_height":0,"ocean_custom_logo_tablet_max_height":0,"ocean_custom_logo_mobile_max_height":0,"ocean_header_custom_menu":"0","ocean_menu_typo_font_family":"0","ocean_menu_typo_font_subset":"","ocean_menu_typo_font_size":0,"ocean_menu_typo_font_size_tablet":0,"ocean_menu_typo_font_size_mobile":0,"ocean_menu_typo_font_size_unit":"px","ocean_menu_typo_font_weight":"","ocean_menu_typo_font_weight_tablet":"","ocean_menu_typo_font_weight_mobile":"","ocean_menu_typo_transform":"","ocean_menu_typo_transform_tablet":"","ocean_menu_typo_transform_mobile":"","ocean_menu_typo_line_height":0,"ocean_menu_typo_line_height_tablet":0,"ocean_menu_typo_line_height_mobile":0,"ocean_menu_typo_line_height_unit":"","ocean_menu_typo_spacing":0,"ocean_menu_typo_spacing_tablet":0,"ocean_menu_typo_spacing_mobile":0,"ocean_menu_typo_spacing_unit":"","ocean_menu_link_color":"","ocean_menu_link_color_hover":"","ocean_menu_link_color_active":"","ocean_menu_link_background":"","ocean_menu_link_hover_background":"","ocean_menu_link_active_background":"","ocean_menu_social_links_bg":"","ocean_menu_social_hover_links_bg":"","ocean_menu_social_links_color":"","ocean_menu_social_hover_links_color":"","ocean_disable_title":"default","ocean_disable_heading":"default","ocean_post_title":"","ocean_post_subheading":"","ocean_post_title_style":"","ocean_post_title_background_color":"","ocean_post_title_background":0,"ocean_post_title_bg_image_position":"","ocean_post_title_bg_image_attachment":"","ocean_post_title_bg_image_repeat":"","ocean_post_title_bg_image_size":"","ocean_post_title_height":0,"ocean_post_title_bg_overlay":0.5,"ocean_post_title_bg_overlay_color":"","ocean_disable_breadcrumbs":"default","ocean_breadcrumbs_color":"","ocean_breadcrumbs_separator_color":"","ocean_breadcrumbs_links_color":"","ocean_breadcrumbs_links_hover_color":"","ocean_display_footer_widgets":"default","ocean_display_footer_bottom":"default","ocean_custom_footer_template":"0","footnotes":""},"class_list":["post-12184","page","type-page","status-publish","hentry","entry"],"_links":{"self":[{"href":"https:\/\/www.heartleadershipuniversity.org\/en\/wp-json\/wp\/v2\/pages\/12184","targetHints":{"allow":["GET"]}}],"collection":[{"href":"https:\/\/www.heartleadershipuniversity.org\/en\/wp-json\/wp\/v2\/pages"}],"about":[{"href":"https:\/\/www.heartleadershipuniversity.org\/en\/wp-json\/wp\/v2\/types\/page"}],"author":[{"embeddable":true,"href":"https:\/\/www.heartleadershipuniversity.org\/en\/wp-json\/wp\/v2\/users\/9"}],"replies":[{"embeddable":true,"href":"https:\/\/www.heartleadershipuniversity.org\/en\/wp-json\/wp\/v2\/comments?post=12184"}],"version-history":[{"count":1,"href":"https:\/\/www.heartleadershipuniversity.org\/en\/wp-json\/wp\/v2\/pages\/12184\/revisions"}],"predecessor-version":[{"id":12185,"href":"https:\/\/www.heartleadershipuniversity.org\/en\/wp-json\/wp\/v2\/pages\/12184\/revisions\/12185"}],"wp:attachment":[{"href":"https:\/\/www.heartleadershipuniversity.org\/en\/wp-json\/wp\/v2\/media?parent=12184"}],"curies":[{"name":"wp","href":"https:\/\/api.w.org\/{rel}","templated":true}]}}