{"id":5258,"date":"2022-06-01T14:44:50","date_gmt":"2022-06-01T12:44:50","guid":{"rendered":"https:\/\/www.heartleadershipuniversity.org\/conseil-administration-hlu-heart-leadership-university\/"},"modified":"2025-09-19T14:23:04","modified_gmt":"2025-09-19T12:23:04","slug":"conseil-administration-hlu-heart-leadership-university","status":"publish","type":"page","link":"https:\/\/www.heartleadershipuniversity.org\/en\/developpement-personnel-professionnel-leadership\/conseil-administration-hlu-heart-leadership-university\/","title":{"rendered":"Board of trustees"},"content":{"rendered":"\t\t<div data-elementor-type=\"wp-page\" data-elementor-id=\"5258\" class=\"elementor elementor-5258 elementor-3201\" data-elementor-post-type=\"page\">\n\t\t\t\t\t\t<section class=\"elementor-section elementor-top-section elementor-element elementor-element-7b1712ce elementor-section-full_width elementor-section-stretched elementor-section-height-default elementor-section-height-default\" data-id=\"7b1712ce\" data-element_type=\"section\" data-e-type=\"section\" data-settings=\"{&quot;stretch_section&quot;:&quot;section-stretched&quot;,&quot;background_background&quot;:&quot;classic&quot;}\">\n\t\t\t\t\t\t<div class=\"elementor-container elementor-column-gap-default\">\n\t\t\t\t\t<div class=\"elementor-column elementor-col-100 elementor-top-column elementor-element elementor-element-8f15986\" data-id=\"8f15986\" data-element_type=\"column\" data-e-type=\"column\" data-settings=\"{&quot;background_background&quot;:&quot;classic&quot;}\">\n\t\t\t<div class=\"elementor-widget-wrap elementor-element-populated\">\n\t\t\t\t\t\t<div class=\"elementor-element elementor-element-1a00f162 animated-slow elementor-invisible elementor-widget elementor-widget-image\" data-id=\"1a00f162\" data-element_type=\"widget\" data-e-type=\"widget\" data-settings=\"{&quot;_animation&quot;:&quot;fadeInUp&quot;}\" data-widget_type=\"image.default\">\n\t\t\t\t<div class=\"elementor-widget-container\">\n\t\t\t\t\t\t\t\t\t\t\t\t\t\t\t<img decoding=\"async\" width=\"7\" height=\"41\" src=\"https:\/\/www.heartleadershipuniversity.org\/wp-content\/uploads\/2022\/05\/b-jaune.png\" class=\"attachment-large size-large wp-image-4859\" alt=\"\" \/>\t\t\t\t\t\t\t\t\t\t\t\t\t\t\t<\/div>\n\t\t\t\t<\/div>\n\t\t\t\t<div class=\"elementor-element elementor-element-6ed43e74 animated-slow elementor-invisible elementor-widget elementor-widget-heading\" data-id=\"6ed43e74\" data-element_type=\"widget\" data-e-type=\"widget\" data-settings=\"{&quot;_animation&quot;:&quot;fadeIn&quot;}\" data-widget_type=\"heading.default\">\n\t\t\t\t<div class=\"elementor-widget-container\">\n\t\t\t\t\t<h1 class=\"elementor-heading-title elementor-size-default\">Board of trustees<\/h1>\t\t\t\t<\/div>\n\t\t\t\t<\/div>\n\t\t\t\t<div class=\"elementor-element elementor-element-7226cccc animated-slow elementor-invisible elementor-widget elementor-widget-image\" data-id=\"7226cccc\" data-element_type=\"widget\" data-e-type=\"widget\" data-settings=\"{&quot;_animation&quot;:&quot;fadeInDown&quot;}\" data-widget_type=\"image.default\">\n\t\t\t\t<div class=\"elementor-widget-container\">\n\t\t\t\t\t\t\t\t\t\t\t\t\t\t\t<img decoding=\"async\" width=\"7\" height=\"41\" src=\"https:\/\/www.heartleadershipuniversity.org\/wp-content\/uploads\/2022\/05\/b-vert.png\" class=\"attachment-large size-large wp-image-4858\" alt=\"\" \/>\t\t\t\t\t\t\t\t\t\t\t\t\t\t\t<\/div>\n\t\t\t\t<\/div>\n\t\t\t\t\t<\/div>\n\t\t<\/div>\n\t\t\t\t\t<\/div>\n\t\t<\/section>\n\t\t\t\t<section class=\"elementor-section elementor-top-section elementor-element elementor-element-4cf052ff elementor-section-boxed elementor-section-height-default elementor-section-height-default\" data-id=\"4cf052ff\" data-element_type=\"section\" data-e-type=\"section\">\n\t\t\t\t\t\t<div class=\"elementor-container elementor-column-gap-default\">\n\t\t\t\t\t<div class=\"elementor-column elementor-col-33 elementor-top-column elementor-element elementor-element-250da837\" data-id=\"250da837\" data-element_type=\"column\" data-e-type=\"column\">\n\t\t\t<div class=\"elementor-widget-wrap elementor-element-populated\">\n\t\t\t\t\t\t<div class=\"elementor-element elementor-element-7c8d312d elementor-widget elementor-widget-image\" data-id=\"7c8d312d\" data-element_type=\"widget\" data-e-type=\"widget\" data-widget_type=\"image.default\">\n\t\t\t\t<div class=\"elementor-widget-container\">\n\t\t\t\t\t\t\t\t\t\t\t\t\t\t\t<img fetchpriority=\"high\" decoding=\"async\" width=\"500\" height=\"500\" src=\"https:\/\/www.heartleadershipuniversity.org\/wp-content\/uploads\/2024\/10\/Design-sans-titre-6-copie-2-1.jpg\" class=\"attachment-large size-large wp-image-8840\" alt=\"\" srcset=\"https:\/\/www.heartleadershipuniversity.org\/wp-content\/uploads\/2024\/10\/Design-sans-titre-6-copie-2-1.jpg 500w, https:\/\/www.heartleadershipuniversity.org\/wp-content\/uploads\/2024\/10\/Design-sans-titre-6-copie-2-1-300x300.jpg 300w, https:\/\/www.heartleadershipuniversity.org\/wp-content\/uploads\/2024\/10\/Design-sans-titre-6-copie-2-1-150x150.jpg 150w\" sizes=\"(max-width: 500px) 100vw, 500px\" \/>\t\t\t\t\t\t\t\t\t\t\t\t\t\t\t<\/div>\n\t\t\t\t<\/div>\n\t\t\t\t<div class=\"elementor-element elementor-element-1a29f66 elementor-widget elementor-widget-heading\" data-id=\"1a29f66\" data-element_type=\"widget\" data-e-type=\"widget\" data-widget_type=\"heading.default\">\n\t\t\t\t<div class=\"elementor-widget-container\">\n\t\t\t\t\t<p class=\"elementor-heading-title elementor-size-default\">H\u00e9l\u00e8ne Le Teno<br>President<\/p>\t\t\t\t<\/div>\n\t\t\t\t<\/div>\n\t\t\t\t<div class=\"elementor-element elementor-element-4f2d3cf7 elementor-widget elementor-widget-heading\" data-id=\"4f2d3cf7\" data-element_type=\"widget\" data-e-type=\"widget\" data-widget_type=\"heading.default\">\n\t\t\t\t<div class=\"elementor-widget-container\">\n\t\t\t\t\t<p class=\"elementor-heading-title elementor-size-default\">Chief Executive of the<br>Jean-No\u00ebl Thorel Foundation<\/p>\t\t\t\t<\/div>\n\t\t\t\t<\/div>\n\t\t\t\t<div class=\"elementor-element elementor-element-7bc077b0 elementor-view-framed elementor-shape-circle elementor-widget elementor-widget-icon\" data-id=\"7bc077b0\" data-element_type=\"widget\" data-e-type=\"widget\" data-widget_type=\"icon.default\">\n\t\t\t\t<div class=\"elementor-widget-container\">\n\t\t\t\t\t\t\t<div class=\"elementor-icon-wrapper\">\n\t\t\t<a class=\"elementor-icon\" href=\"https:\/\/www.linkedin.com\/in\/helene-le-teno-3a21b1\/\" target=\"_blank\">\n\t\t\t<i aria-hidden=\"true\" class=\"fab fa-linkedin-in\"><\/i>\t\t\t<\/a>\n\t\t<\/div>\n\t\t\t\t\t\t<\/div>\n\t\t\t\t<\/div>\n\t\t\t\t\t<\/div>\n\t\t<\/div>\n\t\t\t\t<div class=\"elementor-column elementor-col-33 elementor-top-column elementor-element elementor-element-2a8f62e3\" data-id=\"2a8f62e3\" data-element_type=\"column\" data-e-type=\"column\">\n\t\t\t<div class=\"elementor-widget-wrap elementor-element-populated\">\n\t\t\t\t\t\t<div class=\"elementor-element elementor-element-4101859c elementor-widget elementor-widget-image\" data-id=\"4101859c\" data-element_type=\"widget\" data-e-type=\"widget\" data-widget_type=\"image.default\">\n\t\t\t\t<div class=\"elementor-widget-container\">\n\t\t\t\t\t\t\t\t\t\t\t\t\t\t\t<img loading=\"lazy\" decoding=\"async\" width=\"1024\" height=\"968\" src=\"https:\/\/www.heartleadershipuniversity.org\/wp-content\/uploads\/2023\/08\/Marie-Rose-Di-Bernardo-1-1024x968.jpg\" class=\"attachment-large size-large wp-image-6984\" alt=\"\" srcset=\"https:\/\/www.heartleadershipuniversity.org\/wp-content\/uploads\/2023\/08\/Marie-Rose-Di-Bernardo-1-1024x968.jpg 1024w, https:\/\/www.heartleadershipuniversity.org\/wp-content\/uploads\/2023\/08\/Marie-Rose-Di-Bernardo-1-300x283.jpg 300w, https:\/\/www.heartleadershipuniversity.org\/wp-content\/uploads\/2023\/08\/Marie-Rose-Di-Bernardo-1-768x726.jpg 768w, https:\/\/www.heartleadershipuniversity.org\/wp-content\/uploads\/2023\/08\/Marie-Rose-Di-Bernardo-1.jpg 1143w\" sizes=\"(max-width: 1024px) 100vw, 1024px\" \/>\t\t\t\t\t\t\t\t\t\t\t\t\t\t\t<\/div>\n\t\t\t\t<\/div>\n\t\t\t\t<div class=\"elementor-element elementor-element-3a29baeb elementor-widget elementor-widget-heading\" data-id=\"3a29baeb\" data-element_type=\"widget\" data-e-type=\"widget\" data-widget_type=\"heading.default\">\n\t\t\t\t<div class=\"elementor-widget-container\">\n\t\t\t\t\t<p class=\"elementor-heading-title elementor-size-default\">Marie-Rose Di Bernardo<br>Treasurer<\/p>\t\t\t\t<\/div>\n\t\t\t\t<\/div>\n\t\t\t\t<div class=\"elementor-element elementor-element-25aeae7d elementor-widget elementor-widget-heading\" data-id=\"25aeae7d\" data-element_type=\"widget\" data-e-type=\"widget\" data-widget_type=\"heading.default\">\n\t\t\t\t<div class=\"elementor-widget-container\">\n\t\t\t\t\t<p class=\"elementor-heading-title elementor-size-default\"><span style=\"font-family: Montserrat, sans-serif;font-size: 18px;font-style: normal;font-weight: 400\">Director in charge of NAOS Lighthouse patrimony<\/span><\/p>\t\t\t\t<\/div>\n\t\t\t\t<\/div>\n\t\t\t\t<div class=\"elementor-element elementor-element-24439fc9 elementor-view-framed elementor-shape-circle elementor-widget elementor-widget-icon\" data-id=\"24439fc9\" data-element_type=\"widget\" data-e-type=\"widget\" data-widget_type=\"icon.default\">\n\t\t\t\t<div class=\"elementor-widget-container\">\n\t\t\t\t\t\t\t<div class=\"elementor-icon-wrapper\">\n\t\t\t<a class=\"elementor-icon\" href=\"https:\/\/www.linkedin.com\/in\/marie-rose-di-bernardo-2371442a\/?originalSubdomain=fr\" target=\"_blank\">\n\t\t\t<i aria-hidden=\"true\" class=\"fab fa-linkedin-in\"><\/i>\t\t\t<\/a>\n\t\t<\/div>\n\t\t\t\t\t\t<\/div>\n\t\t\t\t<\/div>\n\t\t\t\t\t<\/div>\n\t\t<\/div>\n\t\t\t\t<div class=\"elementor-column elementor-col-33 elementor-top-column elementor-element elementor-element-784e97f6\" data-id=\"784e97f6\" data-element_type=\"column\" data-e-type=\"column\">\n\t\t\t<div class=\"elementor-widget-wrap elementor-element-populated\">\n\t\t\t\t\t\t<div class=\"elementor-element elementor-element-5639bacd elementor-widget elementor-widget-image\" data-id=\"5639bacd\" data-element_type=\"widget\" data-e-type=\"widget\" data-widget_type=\"image.default\">\n\t\t\t\t<div class=\"elementor-widget-container\">\n\t\t\t\t\t\t\t\t\t\t\t\t\t\t\t<img loading=\"lazy\" decoding=\"async\" width=\"500\" height=\"500\" src=\"https:\/\/www.heartleadershipuniversity.org\/wp-content\/uploads\/2024\/10\/Design-sans-titre-4.jpg\" class=\"attachment-large size-large wp-image-8208\" alt=\"\" srcset=\"https:\/\/www.heartleadershipuniversity.org\/wp-content\/uploads\/2024\/10\/Design-sans-titre-4.jpg 500w, https:\/\/www.heartleadershipuniversity.org\/wp-content\/uploads\/2024\/10\/Design-sans-titre-4-300x300.jpg 300w, https:\/\/www.heartleadershipuniversity.org\/wp-content\/uploads\/2024\/10\/Design-sans-titre-4-150x150.jpg 150w\" sizes=\"(max-width: 500px) 100vw, 500px\" \/>\t\t\t\t\t\t\t\t\t\t\t\t\t\t\t<\/div>\n\t\t\t\t<\/div>\n\t\t\t\t<div class=\"elementor-element elementor-element-12668c95 elementor-widget elementor-widget-heading\" data-id=\"12668c95\" data-element_type=\"widget\" data-e-type=\"widget\" data-widget_type=\"heading.default\">\n\t\t\t\t<div class=\"elementor-widget-container\">\n\t\t\t\t\t<p class=\"elementor-heading-title elementor-size-default\">Alexandre Dhui\u00e8ge<br>Secretary<\/p>\t\t\t\t<\/div>\n\t\t\t\t<\/div>\n\t\t\t\t<div class=\"elementor-element elementor-element-2a293f7d elementor-widget elementor-widget-heading\" data-id=\"2a293f7d\" data-element_type=\"widget\" data-e-type=\"widget\" data-widget_type=\"heading.default\">\n\t\t\t\t<div class=\"elementor-widget-container\">\n\t\t\t\t\t<p class=\"elementor-heading-title elementor-size-default\">President of NAOS Intitute of Life Science<\/p>\t\t\t\t<\/div>\n\t\t\t\t<\/div>\n\t\t\t\t<div class=\"elementor-element elementor-element-4a9f7129 elementor-view-framed elementor-shape-circle elementor-widget elementor-widget-icon\" data-id=\"4a9f7129\" data-element_type=\"widget\" data-e-type=\"widget\" data-widget_type=\"icon.default\">\n\t\t\t\t<div class=\"elementor-widget-container\">\n\t\t\t\t\t\t\t<div class=\"elementor-icon-wrapper\">\n\t\t\t<a class=\"elementor-icon\" href=\"https:\/\/www.linkedin.com\/in\/monicadevirgiliis\/\" target=\"_blank\">\n\t\t\t<i aria-hidden=\"true\" class=\"fab fa-linkedin-in\"><\/i>\t\t\t<\/a>\n\t\t<\/div>\n\t\t\t\t\t\t<\/div>\n\t\t\t\t<\/div>\n\t\t\t\t\t<\/div>\n\t\t<\/div>\n\t\t\t\t\t<\/div>\n\t\t<\/section>\n\t\t\t\t<section class=\"elementor-section elementor-top-section elementor-element elementor-element-2fa3249a elementor-section-boxed elementor-section-height-default elementor-section-height-default\" data-id=\"2fa3249a\" data-element_type=\"section\" data-e-type=\"section\">\n\t\t\t\t\t\t<div class=\"elementor-container elementor-column-gap-default\">\n\t\t\t\t\t<div class=\"elementor-column elementor-col-33 elementor-top-column elementor-element elementor-element-5e629543\" data-id=\"5e629543\" data-element_type=\"column\" data-e-type=\"column\">\n\t\t\t<div class=\"elementor-widget-wrap elementor-element-populated\">\n\t\t\t\t\t\t<div class=\"elementor-element elementor-element-33124358 elementor-widget elementor-widget-image\" data-id=\"33124358\" data-element_type=\"widget\" data-e-type=\"widget\" data-widget_type=\"image.default\">\n\t\t\t\t<div class=\"elementor-widget-container\">\n\t\t\t\t\t\t\t\t\t\t\t\t\t\t\t<img loading=\"lazy\" decoding=\"async\" width=\"400\" height=\"400\" src=\"https:\/\/www.heartleadershipuniversity.org\/wp-content\/uploads\/2022\/06\/florence2.png\" class=\"attachment-large size-large wp-image-5019\" alt=\"\" srcset=\"https:\/\/www.heartleadershipuniversity.org\/wp-content\/uploads\/2022\/06\/florence2.png 400w, https:\/\/www.heartleadershipuniversity.org\/wp-content\/uploads\/2022\/06\/florence2-300x300.png 300w, https:\/\/www.heartleadershipuniversity.org\/wp-content\/uploads\/2022\/06\/florence2-150x150.png 150w\" sizes=\"(max-width: 400px) 100vw, 400px\" \/>\t\t\t\t\t\t\t\t\t\t\t\t\t\t\t<\/div>\n\t\t\t\t<\/div>\n\t\t\t\t<div class=\"elementor-element elementor-element-3d6a23de elementor-widget elementor-widget-heading\" data-id=\"3d6a23de\" data-element_type=\"widget\" data-e-type=\"widget\" data-widget_type=\"heading.default\">\n\t\t\t\t<div class=\"elementor-widget-container\">\n\t\t\t\t\t<p class=\"elementor-heading-title elementor-size-default\">Florence Gu\u00e9my<br>Vice President<\/p>\t\t\t\t<\/div>\n\t\t\t\t<\/div>\n\t\t\t\t<div class=\"elementor-element elementor-element-39f3b5ef elementor-widget elementor-widget-heading\" data-id=\"39f3b5ef\" data-element_type=\"widget\" data-e-type=\"widget\" data-widget_type=\"heading.default\">\n\t\t\t\t<div class=\"elementor-widget-container\">\n\t\t\t\t\t<p class=\"elementor-heading-title elementor-size-default\">ex General manager Bayard Group<\/p>\t\t\t\t<\/div>\n\t\t\t\t<\/div>\n\t\t\t\t<div class=\"elementor-element elementor-element-1db103f4 elementor-view-framed elementor-shape-circle elementor-widget elementor-widget-icon\" data-id=\"1db103f4\" data-element_type=\"widget\" data-e-type=\"widget\" data-widget_type=\"icon.default\">\n\t\t\t\t<div class=\"elementor-widget-container\">\n\t\t\t\t\t\t\t<div class=\"elementor-icon-wrapper\">\n\t\t\t<a class=\"elementor-icon\" href=\"https:\/\/www.linkedin.com\/in\/florence-guemy-65183762\/\" target=\"_blank\">\n\t\t\t<i aria-hidden=\"true\" class=\"fab fa-linkedin-in\"><\/i>\t\t\t<\/a>\n\t\t<\/div>\n\t\t\t\t\t\t<\/div>\n\t\t\t\t<\/div>\n\t\t\t\t\t<\/div>\n\t\t<\/div>\n\t\t\t\t<div class=\"elementor-column elementor-col-33 elementor-top-column elementor-element elementor-element-5333a5f8\" data-id=\"5333a5f8\" data-element_type=\"column\" data-e-type=\"column\">\n\t\t\t<div class=\"elementor-widget-wrap elementor-element-populated\">\n\t\t\t\t\t\t<div class=\"elementor-element elementor-element-358d4121 elementor-widget elementor-widget-image\" data-id=\"358d4121\" data-element_type=\"widget\" data-e-type=\"widget\" data-widget_type=\"image.default\">\n\t\t\t\t<div class=\"elementor-widget-container\">\n\t\t\t\t\t\t\t\t\t\t\t\t\t\t\t<img loading=\"lazy\" decoding=\"async\" width=\"400\" height=\"400\" src=\"https:\/\/www.heartleadershipuniversity.org\/wp-content\/uploads\/2022\/06\/jnthroel.png\" class=\"attachment-large size-large wp-image-5017\" alt=\"\" srcset=\"https:\/\/www.heartleadershipuniversity.org\/wp-content\/uploads\/2022\/06\/jnthroel.png 400w, https:\/\/www.heartleadershipuniversity.org\/wp-content\/uploads\/2022\/06\/jnthroel-300x300.png 300w, https:\/\/www.heartleadershipuniversity.org\/wp-content\/uploads\/2022\/06\/jnthroel-150x150.png 150w\" sizes=\"(max-width: 400px) 100vw, 400px\" \/>\t\t\t\t\t\t\t\t\t\t\t\t\t\t\t<\/div>\n\t\t\t\t<\/div>\n\t\t\t\t<div class=\"elementor-element elementor-element-3bb20c52 elementor-widget elementor-widget-heading\" data-id=\"3bb20c52\" data-element_type=\"widget\" data-e-type=\"widget\" data-widget_type=\"heading.default\">\n\t\t\t\t<div class=\"elementor-widget-container\">\n\t\t\t\t\t<p class=\"elementor-heading-title elementor-size-default\">Jean-No\u00ebl Thorel<br>Honorary President<\/p>\t\t\t\t<\/div>\n\t\t\t\t<\/div>\n\t\t\t\t<div class=\"elementor-element elementor-element-7461fed4 elementor-widget elementor-widget-heading\" data-id=\"7461fed4\" data-element_type=\"widget\" data-e-type=\"widget\" data-widget_type=\"heading.default\">\n\t\t\t\t<div class=\"elementor-widget-container\">\n\t\t\t\t\t<p class=\"elementor-heading-title elementor-size-default\">NAOS founder and HLU co-founder<\/p>\t\t\t\t<\/div>\n\t\t\t\t<\/div>\n\t\t\t\t<div class=\"elementor-element elementor-element-8053f65 elementor-view-framed elementor-shape-circle elementor-widget elementor-widget-icon\" data-id=\"8053f65\" data-element_type=\"widget\" data-e-type=\"widget\" data-widget_type=\"icon.default\">\n\t\t\t\t<div class=\"elementor-widget-container\">\n\t\t\t\t\t\t\t<div class=\"elementor-icon-wrapper\">\n\t\t\t<a class=\"elementor-icon\" href=\"https:\/\/naos.com\/en\/our-mission\/the-founder\/\" target=\"_blank\">\n\t\t\t<i aria-hidden=\"true\" class=\"fas fa-globe\"><\/i>\t\t\t<\/a>\n\t\t<\/div>\n\t\t\t\t\t\t<\/div>\n\t\t\t\t<\/div>\n\t\t\t\t\t<\/div>\n\t\t<\/div>\n\t\t\t\t<div class=\"elementor-column elementor-col-33 elementor-top-column elementor-element elementor-element-1db58ad0\" data-id=\"1db58ad0\" data-element_type=\"column\" data-e-type=\"column\">\n\t\t\t<div class=\"elementor-widget-wrap elementor-element-populated\">\n\t\t\t\t\t\t<div class=\"elementor-element elementor-element-130469b4 elementor-widget elementor-widget-image\" data-id=\"130469b4\" data-element_type=\"widget\" data-e-type=\"widget\" data-widget_type=\"image.default\">\n\t\t\t\t<div class=\"elementor-widget-container\">\n\t\t\t\t\t\t\t\t\t\t\t\t\t\t\t<img loading=\"lazy\" decoding=\"async\" width=\"400\" height=\"400\" src=\"https:\/\/www.heartleadershipuniversity.org\/wp-content\/uploads\/2022\/06\/rhoda.png\" class=\"attachment-large size-large wp-image-5065\" alt=\"\" srcset=\"https:\/\/www.heartleadershipuniversity.org\/wp-content\/uploads\/2022\/06\/rhoda.png 400w, https:\/\/www.heartleadershipuniversity.org\/wp-content\/uploads\/2022\/06\/rhoda-300x300.png 300w, https:\/\/www.heartleadershipuniversity.org\/wp-content\/uploads\/2022\/06\/rhoda-150x150.png 150w\" sizes=\"(max-width: 400px) 100vw, 400px\" \/>\t\t\t\t\t\t\t\t\t\t\t\t\t\t\t<\/div>\n\t\t\t\t<\/div>\n\t\t\t\t<div class=\"elementor-element elementor-element-231146cc elementor-widget elementor-widget-heading\" data-id=\"231146cc\" data-element_type=\"widget\" data-e-type=\"widget\" data-widget_type=\"heading.default\">\n\t\t\t\t<div class=\"elementor-widget-container\">\n\t\t\t\t\t<p class=\"elementor-heading-title elementor-size-default\">Rhoda Migaud<br>Administrator<\/p>\t\t\t\t<\/div>\n\t\t\t\t<\/div>\n\t\t\t\t<div class=\"elementor-element elementor-element-5c0e2dce elementor-widget elementor-widget-heading\" data-id=\"5c0e2dce\" data-element_type=\"widget\" data-e-type=\"widget\" data-widget_type=\"heading.default\">\n\t\t\t\t<div class=\"elementor-widget-container\">\n\t\t\t\t\t<p class=\"elementor-heading-title elementor-size-default\">President of SMART<\/p>\t\t\t\t<\/div>\n\t\t\t\t<\/div>\n\t\t\t\t<div class=\"elementor-element elementor-element-87cf1e5 elementor-view-framed elementor-shape-circle elementor-widget elementor-widget-icon\" data-id=\"87cf1e5\" data-element_type=\"widget\" data-e-type=\"widget\" data-widget_type=\"icon.default\">\n\t\t\t\t<div class=\"elementor-widget-container\">\n\t\t\t\t\t\t\t<div class=\"elementor-icon-wrapper\">\n\t\t\t<a class=\"elementor-icon\" href=\"https:\/\/www.linkedin.com\/in\/cyrillevu\/\" target=\"_blank\">\n\t\t\t<i aria-hidden=\"true\" class=\"fab fa-linkedin-in\"><\/i>\t\t\t<\/a>\n\t\t<\/div>\n\t\t\t\t\t\t<\/div>\n\t\t\t\t<\/div>\n\t\t\t\t\t<\/div>\n\t\t<\/div>\n\t\t\t\t\t<\/div>\n\t\t<\/section>\n\t\t\t\t<section class=\"elementor-section elementor-top-section elementor-element elementor-element-5279eaca elementor-section-boxed elementor-section-height-default elementor-section-height-default\" data-id=\"5279eaca\" data-element_type=\"section\" data-e-type=\"section\">\n\t\t\t\t\t\t<div class=\"elementor-container elementor-column-gap-default\">\n\t\t\t\t\t<div class=\"elementor-column elementor-col-100 elementor-top-column elementor-element elementor-element-e4fc2a9\" data-id=\"e4fc2a9\" data-element_type=\"column\" data-e-type=\"column\">\n\t\t\t<div class=\"elementor-widget-wrap elementor-element-populated\">\n\t\t\t\t\t\t<div class=\"elementor-element elementor-element-fc39819 animated-slow elementor-invisible elementor-widget elementor-widget-image\" data-id=\"fc39819\" data-element_type=\"widget\" data-e-type=\"widget\" data-settings=\"{&quot;_animation&quot;:&quot;fadeInDown&quot;}\" data-widget_type=\"image.default\">\n\t\t\t\t<div class=\"elementor-widget-container\">\n\t\t\t\t\t\t\t\t\t\t\t\t\t\t\t<img decoding=\"async\" width=\"7\" height=\"41\" src=\"https:\/\/www.heartleadershipuniversity.org\/wp-content\/uploads\/2022\/05\/b-vert.png\" class=\"attachment-large size-large wp-image-4858\" alt=\"\" \/>\t\t\t\t\t\t\t\t\t\t\t\t\t\t\t<\/div>\n\t\t\t\t<\/div>\n\t\t\t\t\t<\/div>\n\t\t<\/div>\n\t\t\t\t\t<\/div>\n\t\t<\/section>\n\t\t\t\t<\/div>\n\t\t","protected":false},"excerpt":{"rendered":"<p>Board of trustees H\u00e9l\u00e8ne Le TenoPresident Chief Executive of theJean-No\u00ebl Thorel Foundation Marie-Rose Di BernardoTreasurer Director in charge of NAOS Lighthouse patrimony Alexandre Dhui\u00e8geSecretary President of NAOS Intitute of Life Science Florence Gu\u00e9myVice President ex General manager Bayard Group Jean-No\u00ebl ThorelHonorary President NAOS founder and HLU co-founder Rhoda MigaudAdministrator President of SMART<\/p>\n","protected":false},"author":2,"featured_media":0,"parent":5422,"menu_order":0,"comment_status":"closed","ping_status":"closed","template":"","meta":{"ocean_post_layout":"","ocean_both_sidebars_style":"","ocean_both_sidebars_content_width":0,"ocean_both_sidebars_sidebars_width":0,"ocean_sidebar":"0","ocean_second_sidebar":"0","ocean_disable_margins":"enable","ocean_add_body_class":"","ocean_shortcode_before_top_bar":"","ocean_shortcode_after_top_bar":"","ocean_shortcode_before_header":"","ocean_shortcode_after_header":"","ocean_has_shortcode":"","ocean_shortcode_after_title":"","ocean_shortcode_before_footer_widgets":"","ocean_shortcode_after_footer_widgets":"","ocean_shortcode_before_footer_bottom":"","ocean_shortcode_after_footer_bottom":"","ocean_display_top_bar":"default","ocean_display_header":"default","ocean_header_style":"","ocean_center_header_left_menu":"0","ocean_custom_header_template":"0","ocean_custom_logo":0,"ocean_custom_retina_logo":0,"ocean_custom_logo_max_width":0,"ocean_custom_logo_tablet_max_width":0,"ocean_custom_logo_mobile_max_width":0,"ocean_custom_logo_max_height":0,"ocean_custom_logo_tablet_max_height":0,"ocean_custom_logo_mobile_max_height":0,"ocean_header_custom_menu":"0","ocean_menu_typo_font_family":"0","ocean_menu_typo_font_subset":"","ocean_menu_typo_font_size":0,"ocean_menu_typo_font_size_tablet":0,"ocean_menu_typo_font_size_mobile":0,"ocean_menu_typo_font_size_unit":"px","ocean_menu_typo_font_weight":"","ocean_menu_typo_font_weight_tablet":"","ocean_menu_typo_font_weight_mobile":"","ocean_menu_typo_transform":"","ocean_menu_typo_transform_tablet":"","ocean_menu_typo_transform_mobile":"","ocean_menu_typo_line_height":0,"ocean_menu_typo_line_height_tablet":0,"ocean_menu_typo_line_height_mobile":0,"ocean_menu_typo_line_height_unit":"","ocean_menu_typo_spacing":0,"ocean_menu_typo_spacing_tablet":0,"ocean_menu_typo_spacing_mobile":0,"ocean_menu_typo_spacing_unit":"","ocean_menu_link_color":"","ocean_menu_link_color_hover":"","ocean_menu_link_color_active":"","ocean_menu_link_background":"","ocean_menu_link_hover_background":"","ocean_menu_link_active_background":"","ocean_menu_social_links_bg":"","ocean_menu_social_hover_links_bg":"","ocean_menu_social_links_color":"","ocean_menu_social_hover_links_color":"","ocean_disable_title":"default","ocean_disable_heading":"default","ocean_post_title":"","ocean_post_subheading":"","ocean_post_title_style":"","ocean_post_title_background_color":"","ocean_post_title_background":0,"ocean_post_title_bg_image_position":"","ocean_post_title_bg_image_attachment":"","ocean_post_title_bg_image_repeat":"","ocean_post_title_bg_image_size":"","ocean_post_title_height":0,"ocean_post_title_bg_overlay":0.5,"ocean_post_title_bg_overlay_color":"","ocean_disable_breadcrumbs":"default","ocean_breadcrumbs_color":"","ocean_breadcrumbs_separator_color":"","ocean_breadcrumbs_links_color":"","ocean_breadcrumbs_links_hover_color":"","ocean_display_footer_widgets":"default","ocean_display_footer_bottom":"default","ocean_custom_footer_template":"0","footnotes":""},"class_list":["post-5258","page","type-page","status-publish","hentry","entry"],"_links":{"self":[{"href":"https:\/\/www.heartleadershipuniversity.org\/en\/wp-json\/wp\/v2\/pages\/5258","targetHints":{"allow":["GET"]}}],"collection":[{"href":"https:\/\/www.heartleadershipuniversity.org\/en\/wp-json\/wp\/v2\/pages"}],"about":[{"href":"https:\/\/www.heartleadershipuniversity.org\/en\/wp-json\/wp\/v2\/types\/page"}],"author":[{"embeddable":true,"href":"https:\/\/www.heartleadershipuniversity.org\/en\/wp-json\/wp\/v2\/users\/2"}],"replies":[{"embeddable":true,"href":"https:\/\/www.heartleadershipuniversity.org\/en\/wp-json\/wp\/v2\/comments?post=5258"}],"version-history":[{"count":5,"href":"https:\/\/www.heartleadershipuniversity.org\/en\/wp-json\/wp\/v2\/pages\/5258\/revisions"}],"predecessor-version":[{"id":11386,"href":"https:\/\/www.heartleadershipuniversity.org\/en\/wp-json\/wp\/v2\/pages\/5258\/revisions\/11386"}],"up":[{"embeddable":true,"href":"https:\/\/www.heartleadershipuniversity.org\/en\/wp-json\/wp\/v2\/pages\/5422"}],"wp:attachment":[{"href":"https:\/\/www.heartleadershipuniversity.org\/en\/wp-json\/wp\/v2\/media?parent=5258"}],"curies":[{"name":"wp","href":"https:\/\/api.w.org\/{rel}","templated":true}]}}